{"id":517,"date":"2026-03-11T13:19:57","date_gmt":"2026-03-11T13:19:57","guid":{"rendered":"https:\/\/mratera.santcugatesn.com\/?post_type=product&#038;p=517"},"modified":"2026-03-11T13:26:17","modified_gmt":"2026-03-11T13:26:17","slug":"cordones-negros","status":"publish","type":"product","link":"https:\/\/mratera.santcugatesn.com\/?product=cordones-negros","title":{"rendered":"CORDONES NEGROS"},"content":{"rendered":"<p data-start=\"71\" data-end=\"346\">Dale a tus botas el ajuste perfecto con estos <strong data-start=\"117\" data-end=\"146\">cordones de f\u00fatbol negros<\/strong>, dise\u00f1ados para ofrecer <strong data-start=\"171\" data-end=\"232\">m\u00e1xima sujeci\u00f3n, durabilidad y comodidad durante el juego<\/strong>. Fabricados con materiales resistentes al desgaste, mantienen el nudo firme incluso en los partidos m\u00e1s intensos.<\/p>\n<p data-start=\"348\" data-end=\"588\">Su <strong data-start=\"351\" data-end=\"384\">dise\u00f1o cl\u00e1sico en color negro<\/strong> combina f\u00e1cilmente con cualquier tipo de bota, aportando un estilo limpio y profesional dentro y fuera del campo. Gracias a su tejido reforzado, ofrecen <strong data-start=\"538\" data-end=\"565\">mayor agarre al atarlos<\/strong> y una larga vida \u00fatil.<\/p>\n","protected":false},"excerpt":{"rendered":"<p>Cordones resistentes dise\u00f1ados para ofrecer <strong data-start=\"77\" data-end=\"128\">un ajuste firme y seguro en tus botas de f\u00fatbol<\/strong>. Su material duradero mantiene el nudo estable durante todo el partido, mientras que su <strong data-start=\"217\" data-end=\"240\">color negro cl\u00e1sico<\/strong> combina f\u00e1cilmente con cualquier modelo de bota. Ideales para entrenamientos y competici\u00f3n.<\/p>\n","protected":false},"featured_media":519,"comment_status":"open","ping_status":"closed","template":"","meta":{"site-sidebar-layout":"default","site-content-layout":"","ast-site-content-layout":"default","site-content-style":"default","site-sidebar-style":"default","ast-global-header-display":"","ast-banner-title-visibility":"","ast-main-header-display":"","ast-hfb-above-header-display":"","ast-hfb-below-header-display":"","ast-hfb-mobile-header-display":"","site-post-title":"","ast-breadcrumbs-content":"","ast-featured-img":"","footer-sml-layout":"","ast-disable-related-posts":"","theme-transparent-header-meta":"default","adv-header-id-meta":"","stick-header-meta":"","header-above-stick-meta":"","header-main-stick-meta":"","header-below-stick-meta":"","astra-migrate-meta-layouts":"set","ast-page-background-enabled":"default","ast-page-background-meta":{"desktop":{"background-color":"var(--ast-global-color-5)","background-image":"","background-repeat":"repeat","background-position":"center center","background-size":"auto","background-attachment":"scroll","background-type":"","background-media":"","overlay-type":"","overlay-color":"","overlay-opacity":"","overlay-gradient":""},"tablet":{"background-color":"","background-image":"","background-repeat":"repeat","background-position":"center center","background-size":"auto","background-attachment":"scroll","background-type":"","background-media":"","overlay-type":"","overlay-color":"","overlay-opacity":"","overlay-gradient":""},"mobile":{"background-color":"","background-image":"","background-repeat":"repeat","background-position":"center center","background-size":"auto","background-attachment":"scroll","background-type":"","background-media":"","overlay-type":"","overlay-color":"","overlay-opacity":"","overlay-gradient":""}},"ast-content-background-meta":{"desktop":{"background-color":"var(--ast-global-color-4)","background-image":"","background-repeat":"repeat","background-position":"center center","background-size":"auto","background-attachment":"scroll","background-type":"","background-media":"","overlay-type":"","overlay-color":"","overlay-opacity":"","overlay-gradient":""},"tablet":{"background-color":"var(--ast-global-color-4)","background-image":"","background-repeat":"repeat","background-position":"center center","background-size":"auto","background-attachment":"scroll","background-type":"","background-media":"","overlay-type":"","overlay-color":"","overlay-opacity":"","overlay-gradient":""},"mobile":{"background-color":"var(--ast-global-color-4)","background-image":"","background-repeat":"repeat","background-position":"center center","background-size":"auto","background-attachment":"scroll","background-type":"","background-media":"","overlay-type":"","overlay-color":"","overlay-opacity":"","overlay-gradient":""}}},"product_brand":[],"product_cat":[27],"product_tag":[],"class_list":{"0":"post-517","1":"product","2":"type-product","3":"status-publish","4":"has-post-thumbnail","6":"product_cat-accesorios","7":"desktop-align-left","8":"tablet-align-left","9":"mobile-align-left","11":"first","12":"instock","13":"shipping-taxable","14":"purchasable","15":"product-type-simple"},"yoast_head":"<!-- This site is optimized with the Yoast SEO plugin v27.1.1 - https:\/\/yoast.com\/product\/yoast-seo-wordpress\/ -->\n<title>CORDONES NEGROS - RATERA FUTBOL<\/title>\n<meta name=\"robots\" content=\"index, follow, max-snippet:-1, max-image-preview:large, max-video-preview:-1\" \/>\n<link rel=\"canonical\" href=\"https:\/\/mratera.santcugatesn.com\/?product=cordones-negros\" \/>\n<meta property=\"og:locale\" content=\"ca_ES\" \/>\n<meta property=\"og:type\" content=\"article\" \/>\n<meta property=\"og:title\" content=\"CORDONES NEGROS - RATERA FUTBOL\" \/>\n<meta property=\"og:description\" content=\"Cordones resistentes dise\u00f1ados para ofrecer un ajuste firme y seguro en tus botas de f\u00fatbol. Su material duradero mantiene el nudo estable durante todo el partido, mientras que su color negro cl\u00e1sico combina f\u00e1cilmente con cualquier modelo de bota. Ideales para entrenamientos y competici\u00f3n.\" \/>\n<meta property=\"og:url\" content=\"https:\/\/mratera.santcugatesn.com\/?product=cordones-negros\" \/>\n<meta property=\"og:site_name\" content=\"RATERA FUTBOL\" \/>\n<meta property=\"article:modified_time\" content=\"2026-03-11T13:26:17+00:00\" \/>\n<meta property=\"og:image\" content=\"https:\/\/mratera.santcugatesn.com\/wp-content\/uploads\/2026\/03\/Captura_de_pantalla_2026-03-11_a_les_14.15.06-removebg-preview.png\" \/>\n\t<meta property=\"og:image:width\" content=\"497\" \/>\n\t<meta property=\"og:image:height\" content=\"502\" \/>\n\t<meta property=\"og:image:type\" content=\"image\/png\" \/>\n<meta name=\"twitter:card\" content=\"summary_large_image\" \/>\n<meta name=\"twitter:label1\" content=\"Temps estimat de lectura\" \/>\n\t<meta name=\"twitter:data1\" content=\"1 minut\" \/>\n<script type=\"application\/ld+json\" class=\"yoast-schema-graph\">{\"@context\":\"https:\/\/schema.org\",\"@graph\":[{\"@type\":\"WebPage\",\"@id\":\"https:\/\/mratera.santcugatesn.com\/?product=cordones-negros\",\"url\":\"https:\/\/mratera.santcugatesn.com\/?product=cordones-negros\",\"name\":\"CORDONES NEGROS - RATERA FUTBOL\",\"isPartOf\":{\"@id\":\"https:\/\/mratera.santcugatesn.com\/#website\"},\"primaryImageOfPage\":{\"@id\":\"https:\/\/mratera.santcugatesn.com\/?product=cordones-negros#primaryimage\"},\"image\":{\"@id\":\"https:\/\/mratera.santcugatesn.com\/?product=cordones-negros#primaryimage\"},\"thumbnailUrl\":\"https:\/\/mratera.santcugatesn.com\/wp-content\/uploads\/2026\/03\/Captura_de_pantalla_2026-03-11_a_les_14.15.06-removebg-preview.png\",\"datePublished\":\"2026-03-11T13:19:57+00:00\",\"dateModified\":\"2026-03-11T13:26:17+00:00\",\"breadcrumb\":{\"@id\":\"https:\/\/mratera.santcugatesn.com\/?product=cordones-negros#breadcrumb\"},\"inLanguage\":\"ca\",\"potentialAction\":[{\"@type\":\"ReadAction\",\"target\":[\"https:\/\/mratera.santcugatesn.com\/?product=cordones-negros\"]}]},{\"@type\":\"ImageObject\",\"inLanguage\":\"ca\",\"@id\":\"https:\/\/mratera.santcugatesn.com\/?product=cordones-negros#primaryimage\",\"url\":\"https:\/\/mratera.santcugatesn.com\/wp-content\/uploads\/2026\/03\/Captura_de_pantalla_2026-03-11_a_les_14.15.06-removebg-preview.png\",\"contentUrl\":\"https:\/\/mratera.santcugatesn.com\/wp-content\/uploads\/2026\/03\/Captura_de_pantalla_2026-03-11_a_les_14.15.06-removebg-preview.png\",\"width\":497,\"height\":502},{\"@type\":\"BreadcrumbList\",\"@id\":\"https:\/\/mratera.santcugatesn.com\/?product=cordones-negros#breadcrumb\",\"itemListElement\":[{\"@type\":\"ListItem\",\"position\":1,\"name\":\"Home\",\"item\":\"https:\/\/mratera.santcugatesn.com\/\"},{\"@type\":\"ListItem\",\"position\":2,\"name\":\"Shop\",\"item\":\"https:\/\/mratera.santcugatesn.com\/?page_id=6\"},{\"@type\":\"ListItem\",\"position\":3,\"name\":\"CORDONES NEGROS\"}]},{\"@type\":\"WebSite\",\"@id\":\"https:\/\/mratera.santcugatesn.com\/#website\",\"url\":\"https:\/\/mratera.santcugatesn.com\/\",\"name\":\"RATERA FUTBOL\",\"description\":\"\",\"publisher\":{\"@id\":\"https:\/\/mratera.santcugatesn.com\/#organization\"},\"potentialAction\":[{\"@type\":\"SearchAction\",\"target\":{\"@type\":\"EntryPoint\",\"urlTemplate\":\"https:\/\/mratera.santcugatesn.com\/?s={search_term_string}\"},\"query-input\":{\"@type\":\"PropertyValueSpecification\",\"valueRequired\":true,\"valueName\":\"search_term_string\"}}],\"inLanguage\":\"ca\"},{\"@type\":\"Organization\",\"@id\":\"https:\/\/mratera.santcugatesn.com\/#organization\",\"name\":\"RATERA FUTBOL\",\"url\":\"https:\/\/mratera.santcugatesn.com\/\",\"logo\":{\"@type\":\"ImageObject\",\"inLanguage\":\"ca\",\"@id\":\"https:\/\/mratera.santcugatesn.com\/#\/schema\/logo\/image\/\",\"url\":\"https:\/\/mratera.santcugatesn.com\/wp-content\/uploads\/2025\/10\/cropped-LOGO-WEB-1.png\",\"contentUrl\":\"https:\/\/mratera.santcugatesn.com\/wp-content\/uploads\/2025\/10\/cropped-LOGO-WEB-1.png\",\"width\":250,\"height\":100,\"caption\":\"RATERA FUTBOL\"},\"image\":{\"@id\":\"https:\/\/mratera.santcugatesn.com\/#\/schema\/logo\/image\/\"}}]}<\/script>\n<!-- \/ Yoast SEO plugin. -->","yoast_head_json":{"title":"CORDONES NEGROS - RATERA FUTBOL","robots":{"index":"index","follow":"follow","max-snippet":"max-snippet:-1","max-image-preview":"max-image-preview:large","max-video-preview":"max-video-preview:-1"},"canonical":"https:\/\/mratera.santcugatesn.com\/?product=cordones-negros","og_locale":"ca_ES","og_type":"article","og_title":"CORDONES NEGROS - RATERA FUTBOL","og_description":"Cordones resistentes dise\u00f1ados para ofrecer un ajuste firme y seguro en tus botas de f\u00fatbol. Su material duradero mantiene el nudo estable durante todo el partido, mientras que su color negro cl\u00e1sico combina f\u00e1cilmente con cualquier modelo de bota. Ideales para entrenamientos y competici\u00f3n.","og_url":"https:\/\/mratera.santcugatesn.com\/?product=cordones-negros","og_site_name":"RATERA FUTBOL","article_modified_time":"2026-03-11T13:26:17+00:00","og_image":[{"width":497,"height":502,"url":"https:\/\/mratera.santcugatesn.com\/wp-content\/uploads\/2026\/03\/Captura_de_pantalla_2026-03-11_a_les_14.15.06-removebg-preview.png","type":"image\/png"}],"twitter_card":"summary_large_image","twitter_misc":{"Temps estimat de lectura":"1 minut"},"schema":{"@context":"https:\/\/schema.org","@graph":[{"@type":"WebPage","@id":"https:\/\/mratera.santcugatesn.com\/?product=cordones-negros","url":"https:\/\/mratera.santcugatesn.com\/?product=cordones-negros","name":"CORDONES NEGROS - RATERA FUTBOL","isPartOf":{"@id":"https:\/\/mratera.santcugatesn.com\/#website"},"primaryImageOfPage":{"@id":"https:\/\/mratera.santcugatesn.com\/?product=cordones-negros#primaryimage"},"image":{"@id":"https:\/\/mratera.santcugatesn.com\/?product=cordones-negros#primaryimage"},"thumbnailUrl":"https:\/\/mratera.santcugatesn.com\/wp-content\/uploads\/2026\/03\/Captura_de_pantalla_2026-03-11_a_les_14.15.06-removebg-preview.png","datePublished":"2026-03-11T13:19:57+00:00","dateModified":"2026-03-11T13:26:17+00:00","breadcrumb":{"@id":"https:\/\/mratera.santcugatesn.com\/?product=cordones-negros#breadcrumb"},"inLanguage":"ca","potentialAction":[{"@type":"ReadAction","target":["https:\/\/mratera.santcugatesn.com\/?product=cordones-negros"]}]},{"@type":"ImageObject","inLanguage":"ca","@id":"https:\/\/mratera.santcugatesn.com\/?product=cordones-negros#primaryimage","url":"https:\/\/mratera.santcugatesn.com\/wp-content\/uploads\/2026\/03\/Captura_de_pantalla_2026-03-11_a_les_14.15.06-removebg-preview.png","contentUrl":"https:\/\/mratera.santcugatesn.com\/wp-content\/uploads\/2026\/03\/Captura_de_pantalla_2026-03-11_a_les_14.15.06-removebg-preview.png","width":497,"height":502},{"@type":"BreadcrumbList","@id":"https:\/\/mratera.santcugatesn.com\/?product=cordones-negros#breadcrumb","itemListElement":[{"@type":"ListItem","position":1,"name":"Home","item":"https:\/\/mratera.santcugatesn.com\/"},{"@type":"ListItem","position":2,"name":"Shop","item":"https:\/\/mratera.santcugatesn.com\/?page_id=6"},{"@type":"ListItem","position":3,"name":"CORDONES NEGROS"}]},{"@type":"WebSite","@id":"https:\/\/mratera.santcugatesn.com\/#website","url":"https:\/\/mratera.santcugatesn.com\/","name":"RATERA FUTBOL","description":"","publisher":{"@id":"https:\/\/mratera.santcugatesn.com\/#organization"},"potentialAction":[{"@type":"SearchAction","target":{"@type":"EntryPoint","urlTemplate":"https:\/\/mratera.santcugatesn.com\/?s={search_term_string}"},"query-input":{"@type":"PropertyValueSpecification","valueRequired":true,"valueName":"search_term_string"}}],"inLanguage":"ca"},{"@type":"Organization","@id":"https:\/\/mratera.santcugatesn.com\/#organization","name":"RATERA FUTBOL","url":"https:\/\/mratera.santcugatesn.com\/","logo":{"@type":"ImageObject","inLanguage":"ca","@id":"https:\/\/mratera.santcugatesn.com\/#\/schema\/logo\/image\/","url":"https:\/\/mratera.santcugatesn.com\/wp-content\/uploads\/2025\/10\/cropped-LOGO-WEB-1.png","contentUrl":"https:\/\/mratera.santcugatesn.com\/wp-content\/uploads\/2025\/10\/cropped-LOGO-WEB-1.png","width":250,"height":100,"caption":"RATERA FUTBOL"},"image":{"@id":"https:\/\/mratera.santcugatesn.com\/#\/schema\/logo\/image\/"}}]}},"_links":{"self":[{"href":"https:\/\/mratera.santcugatesn.com\/index.php?rest_route=\/wp\/v2\/product\/517","targetHints":{"allow":["GET"]}}],"collection":[{"href":"https:\/\/mratera.santcugatesn.com\/index.php?rest_route=\/wp\/v2\/product"}],"about":[{"href":"https:\/\/mratera.santcugatesn.com\/index.php?rest_route=\/wp\/v2\/types\/product"}],"replies":[{"embeddable":true,"href":"https:\/\/mratera.santcugatesn.com\/index.php?rest_route=%2Fwp%2Fv2%2Fcomments&post=517"}],"wp:featuredmedia":[{"embeddable":true,"href":"https:\/\/mratera.santcugatesn.com\/index.php?rest_route=\/wp\/v2\/media\/519"}],"wp:attachment":[{"href":"https:\/\/mratera.santcugatesn.com\/index.php?rest_route=%2Fwp%2Fv2%2Fmedia&parent=517"}],"wp:term":[{"taxonomy":"product_brand","embeddable":true,"href":"https:\/\/mratera.santcugatesn.com\/index.php?rest_route=%2Fwp%2Fv2%2Fproduct_brand&post=517"},{"taxonomy":"product_cat","embeddable":true,"href":"https:\/\/mratera.santcugatesn.com\/index.php?rest_route=%2Fwp%2Fv2%2Fproduct_cat&post=517"},{"taxonomy":"product_tag","embeddable":true,"href":"https:\/\/mratera.santcugatesn.com\/index.php?rest_route=%2Fwp%2Fv2%2Fproduct_tag&post=517"}],"curies":[{"name":"wp","href":"https:\/\/api.w.org\/{rel}","templated":true}]}}