{"id":2,"date":"2025-09-24T05:11:07","date_gmt":"2025-09-24T05:11:07","guid":{"rendered":"https:\/\/mratera.santcugatesn.com\/?page_id=2"},"modified":"2026-03-11T14:11:12","modified_gmt":"2026-03-11T14:11:12","slug":"sample-page","status":"publish","type":"page","link":"https:\/\/mratera.santcugatesn.com\/","title":{"rendered":""},"content":{"rendered":"\n<figure class=\"wp-block-image size-large is-resized\"><a href=\"https:\/\/mratera.santcugatesn.com\/wp-admin\/post.php?post=218&amp;action=edit\"><img loading=\"lazy\" decoding=\"async\" width=\"1024\" height=\"320\" src=\"https:\/\/mratera.santcugatesn.com\/wp-content\/uploads\/2026\/03\/BANNER-INAGURACIO-1-1024x320.jpg\" alt=\"\" class=\"wp-image-486\" style=\"width:1200px;height:auto\" srcset=\"https:\/\/mratera.santcugatesn.com\/wp-content\/uploads\/2026\/03\/BANNER-INAGURACIO-1-1024x320.jpg 1024w, https:\/\/mratera.santcugatesn.com\/wp-content\/uploads\/2026\/03\/BANNER-INAGURACIO-1-300x94.jpg 300w, https:\/\/mratera.santcugatesn.com\/wp-content\/uploads\/2026\/03\/BANNER-INAGURACIO-1-768x240.jpg 768w, https:\/\/mratera.santcugatesn.com\/wp-content\/uploads\/2026\/03\/BANNER-INAGURACIO-1-1536x480.jpg 1536w, https:\/\/mratera.santcugatesn.com\/wp-content\/uploads\/2026\/03\/BANNER-INAGURACIO-1-600x188.jpg 600w, https:\/\/mratera.santcugatesn.com\/wp-content\/uploads\/2026\/03\/BANNER-INAGURACIO-1.jpg 1920w\" sizes=\"auto, (max-width: 1024px) 100vw, 1024px\" \/><\/a><\/figure>\n\n\n\n<p class=\"has-text-align-center\">HAZ <strong>CLICK<\/strong> EN EL <strong>BANNER<\/strong>, <strong>REG\u00cdSTRATE<\/strong> Y <strong>APROVECHA <\/strong>EL <strong>DESCUENTO <\/strong>EN LAS <strong>3 <\/strong>MARCAS <strong>L\u00cdDERES <\/strong>DEL MERCADO.<\/p>\n\n\n\n<figure class=\"wp-block-gallery has-nested-images columns-default is-cropped wp-block-gallery-1 is-layout-flex wp-block-gallery-is-layout-flex\">\n<figure class=\"wp-block-image size-large is-resized\"><a href=\"https:\/\/mratera.santcugatesn.com\/?product=botas-puma-ultra-500-mg\"><img loading=\"lazy\" decoding=\"async\" width=\"800\" height=\"800\" data-id=\"99\" src=\"https:\/\/mratera.santcugatesn.com\/wp-content\/uploads\/2025\/10\/BOTA-MIRANDO-DERECHA-PUMA.png\" alt=\"\" class=\"wp-image-99\" style=\"width:255px;height:auto\" srcset=\"https:\/\/mratera.santcugatesn.com\/wp-content\/uploads\/2025\/10\/BOTA-MIRANDO-DERECHA-PUMA.png 800w, https:\/\/mratera.santcugatesn.com\/wp-content\/uploads\/2025\/10\/BOTA-MIRANDO-DERECHA-PUMA-300x300.png 300w, https:\/\/mratera.santcugatesn.com\/wp-content\/uploads\/2025\/10\/BOTA-MIRANDO-DERECHA-PUMA-100x100.png 100w, https:\/\/mratera.santcugatesn.com\/wp-content\/uploads\/2025\/10\/BOTA-MIRANDO-DERECHA-PUMA-600x600.png 600w, https:\/\/mratera.santcugatesn.com\/wp-content\/uploads\/2025\/10\/BOTA-MIRANDO-DERECHA-PUMA-150x150.png 150w, https:\/\/mratera.santcugatesn.com\/wp-content\/uploads\/2025\/10\/BOTA-MIRANDO-DERECHA-PUMA-768x768.png 768w\" sizes=\"auto, (max-width: 800px) 100vw, 800px\" \/><\/a><\/figure>\n\n\n\n<figure class=\"wp-block-image size-large is-resized\"><a href=\"https:\/\/mratera.santcugatesn.com\/?product=botas-adidas-f70-ultimate-edition\"><img loading=\"lazy\" decoding=\"async\" width=\"800\" height=\"800\" data-id=\"58\" src=\"https:\/\/mratera.santcugatesn.com\/wp-content\/uploads\/2025\/10\/BOTA-MIRANT-A-LA-DRETA.png\" alt=\"\" class=\"wp-image-58\" style=\"width:253px;height:auto\" srcset=\"https:\/\/mratera.santcugatesn.com\/wp-content\/uploads\/2025\/10\/BOTA-MIRANT-A-LA-DRETA.png 800w, https:\/\/mratera.santcugatesn.com\/wp-content\/uploads\/2025\/10\/BOTA-MIRANT-A-LA-DRETA-300x300.png 300w, https:\/\/mratera.santcugatesn.com\/wp-content\/uploads\/2025\/10\/BOTA-MIRANT-A-LA-DRETA-100x100.png 100w, https:\/\/mratera.santcugatesn.com\/wp-content\/uploads\/2025\/10\/BOTA-MIRANT-A-LA-DRETA-600x600.png 600w, https:\/\/mratera.santcugatesn.com\/wp-content\/uploads\/2025\/10\/BOTA-MIRANT-A-LA-DRETA-150x150.png 150w, https:\/\/mratera.santcugatesn.com\/wp-content\/uploads\/2025\/10\/BOTA-MIRANT-A-LA-DRETA-768x768.png 768w\" sizes=\"auto, (max-width: 800px) 100vw, 800px\" \/><\/a><\/figure>\n\n\n\n<figure class=\"wp-block-image size-large is-resized\"><a href=\"https:\/\/mratera.santcugatesn.com\/?product=botas-new-balance-furon-239-fg\"><img loading=\"lazy\" decoding=\"async\" width=\"800\" height=\"800\" data-id=\"107\" src=\"https:\/\/mratera.santcugatesn.com\/wp-content\/uploads\/2025\/10\/BOTA-MIRANDO-DERECHA-NEW-BALANCE.png\" alt=\"\" class=\"wp-image-107\" style=\"width:210px;height:auto\" srcset=\"https:\/\/mratera.santcugatesn.com\/wp-content\/uploads\/2025\/10\/BOTA-MIRANDO-DERECHA-NEW-BALANCE.png 800w, https:\/\/mratera.santcugatesn.com\/wp-content\/uploads\/2025\/10\/BOTA-MIRANDO-DERECHA-NEW-BALANCE-300x300.png 300w, https:\/\/mratera.santcugatesn.com\/wp-content\/uploads\/2025\/10\/BOTA-MIRANDO-DERECHA-NEW-BALANCE-100x100.png 100w, https:\/\/mratera.santcugatesn.com\/wp-content\/uploads\/2025\/10\/BOTA-MIRANDO-DERECHA-NEW-BALANCE-600x600.png 600w, https:\/\/mratera.santcugatesn.com\/wp-content\/uploads\/2025\/10\/BOTA-MIRANDO-DERECHA-NEW-BALANCE-150x150.png 150w, https:\/\/mratera.santcugatesn.com\/wp-content\/uploads\/2025\/10\/BOTA-MIRANDO-DERECHA-NEW-BALANCE-768x768.png 768w\" sizes=\"auto, (max-width: 800px) 100vw, 800px\" \/><\/a><\/figure>\n<\/figure>\n\n\n\n<p class=\"has-text-align-center\"><\/p>\n\n\n\n<p>El f\u00fatbol no es solo un deporte, es una forma de vida. Nos ense\u00f1a a superarnos, a trabajar en equipo y a dar siempre lo mejor. Nuestra tienda nace de esa pasi\u00f3n: la de quienes viven el f\u00fatbol desde dentro y buscan compartirla con otros.<br><\/p>\n\n\n\n<p>Aqu\u00ed encontrar\u00e1s una selecci\u00f3n de botas de las mejores marcas, pensadas para cada tipo de jugador y estilo de juego. M\u00e1s que una tienda, somos parte de tu camino dentro del campo: compartimos tu esfuerzo, tus metas y tu amor por este deporte. <\/p>\n\n\n\n<!--nextpage-->\n\n\n\n<figure class=\"wp-block-image size-full is-resized\"><a href=\"https:\/\/mratera.santcugatesn.com\/?post_type=product\"><img decoding=\"async\" src=\"https:\/\/mratera.santcugatesn.com\/wp-content\/uploads\/2026\/03\/NEWSLETTER-RATERA-FUTBOL.mp4\" alt=\"\" class=\"wp-image-499\" style=\"width:1200px;height:auto\"\/><\/a><\/figure>\n\n\n\n<p class=\"has-text-align-center\"><\/p>\n\n\n\n<p><\/p>\n\n\n\n<p><\/p>\n","protected":false},"excerpt":{"rendered":"<p>HAZ CLICK EN EL BANNER, REG\u00cdSTRATE Y APROVECHA EL DESCUENTO EN LAS 3 MARCAS L\u00cdDERES DEL MERCADO. El f\u00fatbol no [&hellip;]<\/p>\n","protected":false},"author":1,"featured_media":0,"parent":0,"menu_order":0,"comment_status":"closed","ping_status":"closed","template":"","meta":{"site-sidebar-layout":"default","site-content-layout":"","ast-site-content-layout":"default","site-content-style":"default","site-sidebar-style":"default","ast-global-header-display":"","ast-banner-title-visibility":"","ast-main-header-display":"","ast-hfb-above-header-display":"","ast-hfb-below-header-display":"","ast-hfb-mobile-header-display":"","site-post-title":"","ast-breadcrumbs-content":"","ast-featured-img":"","footer-sml-layout":"","ast-disable-related-posts":"","theme-transparent-header-meta":"","adv-header-id-meta":"","stick-header-meta":"","header-above-stick-meta":"","header-main-stick-meta":"","header-below-stick-meta":"","astra-migrate-meta-layouts":"default","ast-page-background-enabled":"default","ast-page-background-meta":{"desktop":{"background-color":"var(--ast-global-color-5)","background-image":"","background-repeat":"repeat","background-position":"center center","background-size":"auto","background-attachment":"scroll","background-type":"","background-media":"","overlay-type":"","overlay-color":"","overlay-opacity":"","overlay-gradient":""},"tablet":{"background-color":"","background-image":"","background-repeat":"repeat","background-position":"center center","background-size":"auto","background-attachment":"scroll","background-type":"","background-media":"","overlay-type":"","overlay-color":"","overlay-opacity":"","overlay-gradient":""},"mobile":{"background-color":"","background-image":"","background-repeat":"repeat","background-position":"center center","background-size":"auto","background-attachment":"scroll","background-type":"","background-media":"","overlay-type":"","overlay-color":"","overlay-opacity":"","overlay-gradient":""}},"ast-content-background-meta":{"desktop":{"background-color":"var(--ast-global-color-4)","background-image":"","background-repeat":"repeat","background-position":"center center","background-size":"auto","background-attachment":"scroll","background-type":"","background-media":"","overlay-type":"","overlay-color":"","overlay-opacity":"","overlay-gradient":""},"tablet":{"background-color":"var(--ast-global-color-4)","background-image":"","background-repeat":"repeat","background-position":"center center","background-size":"auto","background-attachment":"scroll","background-type":"","background-media":"","overlay-type":"","overlay-color":"","overlay-opacity":"","overlay-gradient":""},"mobile":{"background-color":"var(--ast-global-color-4)","background-image":"","background-repeat":"repeat","background-position":"center center","background-size":"auto","background-attachment":"scroll","background-type":"","background-media":"","overlay-type":"","overlay-color":"","overlay-opacity":"","overlay-gradient":""}},"footnotes":""},"class_list":["post-2","page","type-page","status-publish","hentry"],"yoast_head":"<!-- This site is optimized with the Yoast SEO plugin v27.1.1 - https:\/\/yoast.com\/product\/yoast-seo-wordpress\/ -->\n<title>- RATERA FUTBOL<\/title>\n<meta name=\"robots\" content=\"index, follow, max-snippet:-1, max-image-preview:large, max-video-preview:-1\" \/>\n<link rel=\"canonical\" href=\"https:\/\/mratera.santcugatesn.com\/\" \/>\n<link rel=\"next\" href=\"https:\/\/mratera.santcugatesn.com?page=2\" \/>\n<meta property=\"og:locale\" content=\"ca_ES\" \/>\n<meta property=\"og:type\" content=\"article\" \/>\n<meta property=\"og:title\" content=\"- RATERA FUTBOL\" \/>\n<meta property=\"og:description\" content=\"HAZ CLICK EN EL BANNER, REG\u00cdSTRATE Y APROVECHA EL DESCUENTO EN LAS 3 MARCAS L\u00cdDERES DEL MERCADO. El f\u00fatbol no [&hellip;]\" \/>\n<meta property=\"og:url\" content=\"https:\/\/mratera.santcugatesn.com\/\" \/>\n<meta property=\"og:site_name\" content=\"RATERA FUTBOL\" \/>\n<meta property=\"article:modified_time\" content=\"2026-03-11T14:11:12+00:00\" \/>\n<meta property=\"og:image\" content=\"https:\/\/mratera.santcugatesn.com\/wp-content\/uploads\/2026\/03\/BANNER-INAGURACIO-1.jpg\" \/>\n\t<meta property=\"og:image:width\" content=\"1920\" \/>\n\t<meta property=\"og:image:height\" content=\"600\" \/>\n\t<meta property=\"og:image:type\" content=\"image\/jpeg\" \/>\n<meta name=\"twitter:card\" content=\"summary_large_image\" \/>\n<meta name=\"twitter:label1\" content=\"Temps estimat de lectura\" \/>\n\t<meta name=\"twitter:data1\" content=\"2 minuts\" \/>\n<script type=\"application\/ld+json\" class=\"yoast-schema-graph\">{\"@context\":\"https:\/\/schema.org\",\"@graph\":[{\"@type\":\"WebPage\",\"@id\":\"https:\/\/mratera.santcugatesn.com\/\",\"url\":\"https:\/\/mratera.santcugatesn.com\/\",\"name\":\"- RATERA FUTBOL\",\"isPartOf\":{\"@id\":\"https:\/\/mratera.santcugatesn.com\/#website\"},\"primaryImageOfPage\":{\"@id\":\"https:\/\/mratera.santcugatesn.com\/#primaryimage\"},\"image\":{\"@id\":\"https:\/\/mratera.santcugatesn.com\/#primaryimage\"},\"thumbnailUrl\":\"https:\/\/mratera.santcugatesn.com\/wp-content\/uploads\/2026\/03\/BANNER-INAGURACIO-1-1024x320.jpg\",\"datePublished\":\"2025-09-24T05:11:07+00:00\",\"dateModified\":\"2026-03-11T14:11:12+00:00\",\"inLanguage\":\"ca\",\"potentialAction\":[{\"@type\":\"ReadAction\",\"target\":[\"https:\/\/mratera.santcugatesn.com\/\"]}]},{\"@type\":\"ImageObject\",\"inLanguage\":\"ca\",\"@id\":\"https:\/\/mratera.santcugatesn.com\/#primaryimage\",\"url\":\"https:\/\/mratera.santcugatesn.com\/wp-content\/uploads\/2026\/03\/BANNER-INAGURACIO-1.jpg\",\"contentUrl\":\"https:\/\/mratera.santcugatesn.com\/wp-content\/uploads\/2026\/03\/BANNER-INAGURACIO-1.jpg\",\"width\":1920,\"height\":600},{\"@type\":\"WebSite\",\"@id\":\"https:\/\/mratera.santcugatesn.com\/#website\",\"url\":\"https:\/\/mratera.santcugatesn.com\/\",\"name\":\"RATERA FUTBOL\",\"description\":\"\",\"publisher\":{\"@id\":\"https:\/\/mratera.santcugatesn.com\/#organization\"},\"potentialAction\":[{\"@type\":\"SearchAction\",\"target\":{\"@type\":\"EntryPoint\",\"urlTemplate\":\"https:\/\/mratera.santcugatesn.com\/?s={search_term_string}\"},\"query-input\":{\"@type\":\"PropertyValueSpecification\",\"valueRequired\":true,\"valueName\":\"search_term_string\"}}],\"inLanguage\":\"ca\"},{\"@type\":\"Organization\",\"@id\":\"https:\/\/mratera.santcugatesn.com\/#organization\",\"name\":\"RATERA FUTBOL\",\"url\":\"https:\/\/mratera.santcugatesn.com\/\",\"logo\":{\"@type\":\"ImageObject\",\"inLanguage\":\"ca\",\"@id\":\"https:\/\/mratera.santcugatesn.com\/#\/schema\/logo\/image\/\",\"url\":\"https:\/\/mratera.santcugatesn.com\/wp-content\/uploads\/2025\/10\/cropped-LOGO-WEB-1.png\",\"contentUrl\":\"https:\/\/mratera.santcugatesn.com\/wp-content\/uploads\/2025\/10\/cropped-LOGO-WEB-1.png\",\"width\":250,\"height\":100,\"caption\":\"RATERA FUTBOL\"},\"image\":{\"@id\":\"https:\/\/mratera.santcugatesn.com\/#\/schema\/logo\/image\/\"}}]}<\/script>\n<!-- \/ Yoast SEO plugin. -->","yoast_head_json":{"title":"- RATERA FUTBOL","robots":{"index":"index","follow":"follow","max-snippet":"max-snippet:-1","max-image-preview":"max-image-preview:large","max-video-preview":"max-video-preview:-1"},"canonical":"https:\/\/mratera.santcugatesn.com\/","next":"https:\/\/mratera.santcugatesn.com?page=2","og_locale":"ca_ES","og_type":"article","og_title":"- RATERA FUTBOL","og_description":"HAZ CLICK EN EL BANNER, REG\u00cdSTRATE Y APROVECHA EL DESCUENTO EN LAS 3 MARCAS L\u00cdDERES DEL MERCADO. El f\u00fatbol no [&hellip;]","og_url":"https:\/\/mratera.santcugatesn.com\/","og_site_name":"RATERA FUTBOL","article_modified_time":"2026-03-11T14:11:12+00:00","og_image":[{"width":1920,"height":600,"url":"https:\/\/mratera.santcugatesn.com\/wp-content\/uploads\/2026\/03\/BANNER-INAGURACIO-1.jpg","type":"image\/jpeg"}],"twitter_card":"summary_large_image","twitter_misc":{"Temps estimat de lectura":"2 minuts"},"schema":{"@context":"https:\/\/schema.org","@graph":[{"@type":"WebPage","@id":"https:\/\/mratera.santcugatesn.com\/","url":"https:\/\/mratera.santcugatesn.com\/","name":"- RATERA FUTBOL","isPartOf":{"@id":"https:\/\/mratera.santcugatesn.com\/#website"},"primaryImageOfPage":{"@id":"https:\/\/mratera.santcugatesn.com\/#primaryimage"},"image":{"@id":"https:\/\/mratera.santcugatesn.com\/#primaryimage"},"thumbnailUrl":"https:\/\/mratera.santcugatesn.com\/wp-content\/uploads\/2026\/03\/BANNER-INAGURACIO-1-1024x320.jpg","datePublished":"2025-09-24T05:11:07+00:00","dateModified":"2026-03-11T14:11:12+00:00","inLanguage":"ca","potentialAction":[{"@type":"ReadAction","target":["https:\/\/mratera.santcugatesn.com\/"]}]},{"@type":"ImageObject","inLanguage":"ca","@id":"https:\/\/mratera.santcugatesn.com\/#primaryimage","url":"https:\/\/mratera.santcugatesn.com\/wp-content\/uploads\/2026\/03\/BANNER-INAGURACIO-1.jpg","contentUrl":"https:\/\/mratera.santcugatesn.com\/wp-content\/uploads\/2026\/03\/BANNER-INAGURACIO-1.jpg","width":1920,"height":600},{"@type":"WebSite","@id":"https:\/\/mratera.santcugatesn.com\/#website","url":"https:\/\/mratera.santcugatesn.com\/","name":"RATERA FUTBOL","description":"","publisher":{"@id":"https:\/\/mratera.santcugatesn.com\/#organization"},"potentialAction":[{"@type":"SearchAction","target":{"@type":"EntryPoint","urlTemplate":"https:\/\/mratera.santcugatesn.com\/?s={search_term_string}"},"query-input":{"@type":"PropertyValueSpecification","valueRequired":true,"valueName":"search_term_string"}}],"inLanguage":"ca"},{"@type":"Organization","@id":"https:\/\/mratera.santcugatesn.com\/#organization","name":"RATERA FUTBOL","url":"https:\/\/mratera.santcugatesn.com\/","logo":{"@type":"ImageObject","inLanguage":"ca","@id":"https:\/\/mratera.santcugatesn.com\/#\/schema\/logo\/image\/","url":"https:\/\/mratera.santcugatesn.com\/wp-content\/uploads\/2025\/10\/cropped-LOGO-WEB-1.png","contentUrl":"https:\/\/mratera.santcugatesn.com\/wp-content\/uploads\/2025\/10\/cropped-LOGO-WEB-1.png","width":250,"height":100,"caption":"RATERA FUTBOL"},"image":{"@id":"https:\/\/mratera.santcugatesn.com\/#\/schema\/logo\/image\/"}}]}},"_links":{"self":[{"href":"https:\/\/mratera.santcugatesn.com\/index.php?rest_route=\/wp\/v2\/pages\/2","targetHints":{"allow":["GET"]}}],"collection":[{"href":"https:\/\/mratera.santcugatesn.com\/index.php?rest_route=\/wp\/v2\/pages"}],"about":[{"href":"https:\/\/mratera.santcugatesn.com\/index.php?rest_route=\/wp\/v2\/types\/page"}],"author":[{"embeddable":true,"href":"https:\/\/mratera.santcugatesn.com\/index.php?rest_route=\/wp\/v2\/users\/1"}],"replies":[{"embeddable":true,"href":"https:\/\/mratera.santcugatesn.com\/index.php?rest_route=%2Fwp%2Fv2%2Fcomments&post=2"}],"version-history":[{"count":43,"href":"https:\/\/mratera.santcugatesn.com\/index.php?rest_route=\/wp\/v2\/pages\/2\/revisions"}],"predecessor-version":[{"id":538,"href":"https:\/\/mratera.santcugatesn.com\/index.php?rest_route=\/wp\/v2\/pages\/2\/revisions\/538"}],"wp:attachment":[{"href":"https:\/\/mratera.santcugatesn.com\/index.php?rest_route=%2Fwp%2Fv2%2Fmedia&parent=2"}],"curies":[{"name":"wp","href":"https:\/\/api.w.org\/{rel}","templated":true}]}}